{"id":5462,"date":"2017-07-12T13:46:22","date_gmt":"2017-07-12T11:46:22","guid":{"rendered":"https:\/\/www.siitscpa.it\/who-we-are\/organization\/"},"modified":"2023-02-02T10:42:01","modified_gmt":"2023-02-02T09:42:01","slug":"organization","status":"publish","type":"page","link":"https:\/\/www.siitscpa.it\/en\/who-we-are\/organization\/","title":{"rendered":"Organization"},"content":{"rendered":"<p>[et_pb_section fb_built=&#8221;1&#8243; disabled_on=&#8221;off|off|off&#8221; _builder_version=&#8221;4.17.4&#8243; _module_preset=&#8221;default&#8221; min_height=&#8221;240px&#8221; custom_padding=&#8221;0px||0px||false|false&#8221; locked=&#8221;off&#8221; global_colors_info=&#8221;{}&#8221;][et_pb_row disabled_on=&#8221;off|off|on&#8221; admin_label=&#8221;Mobile&#8221; _builder_version=&#8221;4.17.4&#8243; _module_preset=&#8221;default&#8221; background_image=&#8221;https:\/\/www.siitscpa.it\/wp-content\/uploads\/2017\/07\/SIIT-header-pginterne.jpg&#8221; module_alignment=&#8221;center&#8221; height=&#8221;240px&#8221; custom_margin=&#8221;0px||||false|false&#8221; custom_padding=&#8221;0px||||false|false&#8221; global_colors_info=&#8221;{}&#8221;][et_pb_column type=&#8221;4_4&#8243; _builder_version=&#8221;4.17.4&#8243; _module_preset=&#8221;default&#8221; global_colors_info=&#8221;{}&#8221;][et_pb_post_title meta=&#8221;off&#8221; featured_image=&#8221;off&#8221; _builder_version=&#8221;4.17.4&#8243; _module_preset=&#8221;default&#8221; title_text_color=&#8221;#223365&#8243; title_font_size=&#8221;48px&#8221; height=&#8221;240px&#8221; custom_margin=&#8221;||||false|false&#8221; custom_padding=&#8221;80px||||false|false&#8221; title_font_size_tablet=&#8221;32px&#8221; title_font_size_phone=&#8221;32px&#8221; title_font_size_last_edited=&#8221;on|tablet&#8221; custom_css_before=&#8221;display: inline-block;||background: rgb(96,179,229);||background: -moz-linear-gradient(166deg, rgba(96,179,229,1) 0%, rgba(191,211,78,1) 100%);||background: -webkit-linear-gradient(166deg, rgba(96,179,229,1) 0%, rgba(191,211,78,1) 100%);||background: linear-gradient(166deg, rgba(96,179,229,1) 0%, rgba(191,211,78,1) 100%);||\/* background: #223365; *\/||content: &#8216; &#8216;;||height: 8px;||width: 140px;||line-height: -8px;&#8221; global_colors_info=&#8221;{}&#8221;][\/et_pb_post_title][\/et_pb_column][\/et_pb_row][et_pb_row disabled_on=&#8221;on|on|off&#8221; admin_label=&#8221;Desktop&#8221; _builder_version=&#8221;4.17.4&#8243; _module_preset=&#8221;default&#8221; background_image=&#8221;https:\/\/www.siitscpa.it\/wp-content\/uploads\/2017\/07\/SIIT-header-pginterne.jpg&#8221; background_size=&#8221;contain&#8221; module_alignment=&#8221;center&#8221; height=&#8221;240px&#8221; custom_margin=&#8221;0px||||false|false&#8221; custom_padding=&#8221;0px||||false|false&#8221; locked=&#8221;off&#8221; global_colors_info=&#8221;{}&#8221;][et_pb_column type=&#8221;4_4&#8243; _builder_version=&#8221;4.17.4&#8243; _module_preset=&#8221;default&#8221; global_colors_info=&#8221;{}&#8221;][et_pb_post_title meta=&#8221;off&#8221; featured_image=&#8221;off&#8221; _builder_version=&#8221;4.17.4&#8243; _module_preset=&#8221;default&#8221; title_text_color=&#8221;#223365&#8243; title_font_size=&#8221;48px&#8221; height=&#8221;240px&#8221; custom_margin=&#8221;||||false|false&#8221; custom_padding=&#8221;80px||||false|false&#8221; title_font_size_tablet=&#8221;32px&#8221; title_font_size_phone=&#8221;32px&#8221; title_font_size_last_edited=&#8221;on|phone&#8221; custom_css_before=&#8221;display: inline-block;||background: rgb(96,179,229);||background: -moz-linear-gradient(166deg, rgba(96,179,229,1) 0%, rgba(191,211,78,1) 100%);||background: -webkit-linear-gradient(166deg, rgba(96,179,229,1) 0%, rgba(191,211,78,1) 100%);||background: linear-gradient(166deg, rgba(96,179,229,1) 0%, rgba(191,211,78,1) 100%);||\/* background: #223365; *\/||content: &#8216; &#8216;;||height: 8px;||width: 140px;||line-height: -8px;&#8221; global_colors_info=&#8221;{}&#8221;][\/et_pb_post_title][\/et_pb_column][\/et_pb_row][\/et_pb_section][et_pb_section fb_built=&#8221;1&#8243; specialty=&#8221;on&#8221; _builder_version=&#8221;4.16&#8243; custom_padding=&#8221;0px||||false|false&#8221; global_colors_info=&#8221;{}&#8221;][et_pb_column type=&#8221;3_4&#8243; specialty_columns=&#8221;3&#8243; _builder_version=&#8221;4.16&#8243; custom_padding=&#8221;|||&#8221; global_colors_info=&#8221;{}&#8221; custom_padding__hover=&#8221;|||&#8221;][et_pb_row_inner admin_label=&#8221;Riga&#8221; _builder_version=&#8221;4.16&#8243; global_colors_info=&#8221;{}&#8221;][et_pb_column_inner saved_specialty_column_type=&#8221;3_4&#8243; _builder_version=&#8221;4.16&#8243; custom_padding=&#8221;|||&#8221; global_colors_info=&#8221;{}&#8221; custom_padding__hover=&#8221;|||&#8221;][et_pb_toggle title=&#8221;President and Legal Representative&#8221; _builder_version=&#8221;4.16.1&#8243; z_index_tablet=&#8221;500&#8243; global_colors_info=&#8221;{}&#8221;]<\/p>\n<h4>Ing. Remo Pertica<\/h4>\n<p>&nbsp;<\/p>\n<p><img loading=\"lazy\" decoding=\"async\" src=\"https:\/\/www.siitscpa.it\/wp-content\/uploads\/2022\/05\/pertica.jpg\" width=\"305\" height=\"253\" alt=\"\" class=\"wp-image-2673 alignnone size-full\" srcset=\"https:\/\/www.siitscpa.it\/wp-content\/uploads\/2022\/05\/pertica.jpg 305w, https:\/\/www.siitscpa.it\/wp-content\/uploads\/2022\/05\/pertica-300x249.jpg 300w\" sizes=\"(max-width: 305px) 100vw, 305px\" \/><\/p>\n<p>Born in Genova (20\/05\/1942)<br \/>Classical studies at Colombo high school and degree in Engineering in 1965 (110 cum laude)<br \/>Reserve officer GAri 1966\/1967<\/p>\n<p><strong><span style=\"font-size: 16px;\"><br \/>Professional curriculum<\/span><\/strong><\/p>\n<ul>\n<li>General Manager of Marconi Spa (1990)<\/li>\n<li>Coordinator of terrestrial and space telecommunications activities of the GeC Group (1990)<\/li>\n<li>Chief Executive Officer Elmer (1996)<\/li>\n<li>Chief Executive Officer Marconi S.p.a. (1996)<\/li>\n<li>Chief Executive Officer Marconi Selenia S.p.a.(2002)<\/li>\n<li>Chairman of Selex Galileo S.p.a. (2006-2011)<\/li>\n<li>Co-General Manager Finmeccanica S.p.a. (2004-2013)<\/li>\n<li>Chief Executive Officer SIIT S.c.p.a. &#8211; Ligurian Technological District on Integrated Intelligent Systems and Technologies (2005 to date)<\/li>\n<\/ul>\n<p><strong> Assignments<\/strong><\/p>\n<ul>\n<li>Vice President of the Industrial Association of Genoa<\/li>\n<li>Member of the Association of Defense and Aerospace Industries (AIAD) of which he was President and Vice President (2007-2013)<\/li>\n<li>Member of Italian Institute of Technology IIT Board (2005-2013)<\/li>\n<li>Member of the Board of Directors of the Teatro Carlo Felice in Genoa<\/li>\n<li>Honorary President of the Mus-e Genoa association<\/li>\n<li>Member of the Steering Committee, advisory body of the Liguria Regional Council on University, Research and Innovation (2018 to date)<\/li>\n<li>Since 2020 member of the General Council of Compagnia di San Paolo<\/li>\n<\/ul>\n<p>[\/et_pb_toggle][et_pb_toggle title=&#8221;Program Development Director&#8221; admin_label=&#8221;Direttore Sviluppo Programmi&#8221; _builder_version=&#8221;4.19.2&#8243; global_colors_info=&#8221;{}&#8221;]<\/p>\n<h4><strong>Dr. Bruno Conterno<\/strong><\/h4>\n<p><img loading=\"lazy\" decoding=\"async\" class=\"alignnone size-full wp-image-662\" src=\"https:\/\/www.siitscpa.it\/wp-content\/uploads\/2017\/07\/Bruno-conterno-bn.png\" alt=\"\" width=\"250\" height=\"250\" srcset=\"https:\/\/www.siitscpa.it\/wp-content\/uploads\/2017\/07\/Bruno-conterno-bn.png 250w, https:\/\/www.siitscpa.it\/wp-content\/uploads\/2017\/07\/Bruno-conterno-bn-150x150.png 150w\" sizes=\"(max-width: 250px) 100vw, 250px\" \/><\/p>\n<p><span style=\"font-size: 20px;\">Since 2009 SIIT network Program Development Director:<\/span><\/p>\n<ul>\n<li>Ligurian District SIIT<\/li>\n<li>2 Regional Innovation Poles TRANSIT and SOSIA;<\/li>\n<li>4 participated National Technological Clusters (since 2012): CTN Smart Communities- CTN Intelligent Factory- CTN Transport- CTN Aerospace<\/li>\n<li>3 Innovation Infrastructures (since 2021): IR ITS Transport &amp; Logistics &#8211; IR Automation Industry 4.0 -IR ICT Security Monitoring of the territory<\/li>\n<\/ul>\n<p>[\/et_pb_toggle][et_pb_toggle title=&#8221;Management Board&#8221; admin_label=&#8221;Toggle&#8221; _builder_version=&#8221;4.16&#8243; z_index_tablet=&#8221;500&#8243; global_colors_info=&#8221;{}&#8221;]<\/p>\n<ul>\n<li>PERTICA Remo Giuseppe &#8211; <em style=\"font-size: 16px;\">President<\/em> <\/li>\n<li>VALDEVIES Francesco &#8211;<em> Councilor<\/em><\/li>\n<li>BAGLIETTO Marco &#8211; <em>Councilor<\/em><\/li>\n<\/ul>\n<p>[\/et_pb_toggle][et_pb_toggle title=&#8221;Supervisory board&#8221; _builder_version=&#8221;4.16.1&#8243; z_index_tablet=&#8221;500&#8243; global_colors_info=&#8221;{}&#8221;]<\/p>\n<p>\u2022 Sandro Scarrone\u00a0 &#8211; PRESIDENTE<br \/>\u2022 Giorgio Andreacci<br \/>\u2022 Chiara Bartolozzi<br \/>\u2022 Marco Boero<br \/>\u2022 Enrico Botte<br \/>\u2022 Giovanni Calvini<br \/>\u2022 Daniele Caviglia<br \/>\u2022 Daniele D&#8217;Agostino<br \/>\u2022 Massimo Debenedetti<br \/>\u2022 Angela Di Febbraro<br \/>\u2022 Fabrizio Ferrari<br \/>\u2022 Roberto Land\u00f2<br \/>\u2022 Fabio Maggiore<br \/>\u2022 Roberto Marcialis<br \/>\u2022 Manuele Marra<br \/>\u2022 Alessio Merlo<br \/>\u2022 Alessandro Morando<br \/>\u2022 Tommaso Pani<br \/>\u2022 Paolo Piccini<br \/>\u2022 Marco Sghembri<br \/>\u2022 Sergio Semplici<br \/>\u2022 Mario Torre<br \/>\u2022 Andrea Traverso<br \/>\u2022 Antonella Trombetta<br \/>\u2022 Roberto Vescovo<\/p>\n<p>[\/et_pb_toggle][et_pb_toggle title=&#8221;Accounting Auditor (Statutory Auditor)&#8221; _builder_version=&#8221;4.16&#8243; z_index_tablet=&#8221;500&#8243; global_colors_info=&#8221;{}&#8221;]<\/p>\n<ul>\n<li>CIDDA Luca Andrea<\/li>\n<\/ul>\n<p>[\/et_pb_toggle][et_pb_toggle title=&#8221;Technical Scientific Committee&#8221; _builder_version=&#8221;4.16&#8243; z_index_tablet=&#8221;500&#8243; global_colors_info=&#8221;{}&#8221;]<\/p>\n<ul>\n<li>MARESCA Massimo<\/li>\n<li>CAU Carlo<\/li>\n<li>CESENA Marco<\/li>\n<li>CLEMATIS Andrea<\/li>\n<li>DE MARTINO Pietro<\/li>\n<li>CROVETTO Carlo<\/li>\n<li>DOTTA Claudio<\/li>\n<li>MASTINU Andrea<\/li>\n<li>SIRI Silvia<\/li>\n<li>TRAVERSO Andrea<\/li>\n<li>VALLE Maurizio<\/li>\n<\/ul>\n<p>[\/et_pb_toggle][\/et_pb_column_inner][\/et_pb_row_inner][\/et_pb_column][et_pb_column type=&#8221;1_4&#8243; _builder_version=&#8221;4.16&#8243; custom_padding=&#8221;|||&#8221; global_colors_info=&#8221;{}&#8221; custom_padding__hover=&#8221;|||&#8221;][et_pb_sidebar area=&#8221;et_pb_widget_area_1&#8243; _builder_version=&#8221;4.16&#8243; header_font=&#8221;||||on||||&#8221; header_font_size=&#8221;20px&#8221; header_line_height=&#8221;1.6em&#8221; custom_padding=&#8221;10px||||false|false&#8221; custom_css_main_element=&#8221;font-weight: bold;&#8221; border_width_top=&#8221;4px&#8221; border_color_top=&#8221;#232C54&#8243; locked=&#8221;off&#8221; global_colors_info=&#8221;{}&#8221;][\/et_pb_sidebar][\/et_pb_column][\/et_pb_section]<\/p>\n","protected":false},"excerpt":{"rendered":"<p>Ing. Remo Pertica &nbsp; Born in Genova (20\/05\/1942)Classical studies at Colombo high school and degree in Engineering in 1965 (110 cum laude)Reserve officer GAri 1966\/1967 Professional curriculum General Manager of Marconi Spa (1990) Coordinator of terrestrial and space telecommunications activities of the GeC Group (1990) Chief Executive Officer Elmer (1996) Chief Executive Officer Marconi S.p.a. [&hellip;]<\/p>\n","protected":false},"author":3,"featured_media":0,"parent":5391,"menu_order":3,"comment_status":"closed","ping_status":"closed","template":"","meta":{"_et_pb_use_builder":"on","_et_pb_old_content":"<p>Con il termine \u201csistemi intelligenti integrati\u201d si intendono sistemi complessi che possiedono diversi gradi di \u201cintelligenza\u201d operando in ambiti in passato ritenuti dominio esclusivo dell\u2019essere umano, sostituendolo nello svolgimento di funzioni difficili, tediose o pericolose. La grande tradizione dell\u2019industria ligure \u00e8 da decenni legata alla soluzione di problemi complessi in ambito industriale, militare e civile che richiedono la capacit\u00e0 di integrare tecnologie di diversa matrice in sistemi articolati ed intelligenti.<\/p><blockquote><p><strong>SIIT ScpA nasce nel 2005 con lo scopo di realizzare un sistema integrato tra grande industria, piccola e media impresa, Universit\u00e0 di Genova, istituzioni pubbliche, di ricerca, finanziarie, con particolare attenzione allo sviluppo di attivit\u00e0 di ricerca industriale. \u00a0In tale logica Regione Liguria, Ministero dell\u2019Economia e Ministero dell\u2019Universit\u00e0 e della Ricerca Scientifica hanno stipulato un accordo in cui sono state identificate le sei linee di attuazione dell\u2019operativit\u00e0 del Distretto.<\/strong><\/p><\/blockquote><p>SIIT ScpA \u00e8 una societ\u00e0 consortile che non persegue finalit\u00e0 di lucro, rappresenta un\u2019aggregazione territoriale di matrice regionale ,il cui fine principale \u00e8 quello di promuovere e favorire la competitivit\u00e0 dell\u2019area produttiva su cui insiste e del settore in cui opera.<\/p><p>Il Distretto Tecnologico costituisce, infatti, una delle iniziative pi\u00f9 efficaci per sostenere la crescita delle imprese dell\u2019alta tecnologia della nostra regione, capace di realizzare uno scambio di conoscenze permanente tra Grande Industria, Piccola e Media Impresa, Universit\u00e0, Centri di Ricerca e Istituzioni, con l\u2019obiettivo di creare un circolo virtuoso tra talenti, aziende e finanziamenti pubblici e privati, tesi a sviluppare una ricerca competitiva in grado di determinare forti ricadute di innovazione sul tessuto imprenditoriale ligure mediante l\u2019approccio diretto al mercato di riferimento.<\/p>","_et_gb_content_width":"","footnotes":""},"class_list":["post-5462","page","type-page","status-publish","hentry"],"_links":{"self":[{"href":"https:\/\/www.siitscpa.it\/en\/wp-json\/wp\/v2\/pages\/5462","targetHints":{"allow":["GET"]}}],"collection":[{"href":"https:\/\/www.siitscpa.it\/en\/wp-json\/wp\/v2\/pages"}],"about":[{"href":"https:\/\/www.siitscpa.it\/en\/wp-json\/wp\/v2\/types\/page"}],"author":[{"embeddable":true,"href":"https:\/\/www.siitscpa.it\/en\/wp-json\/wp\/v2\/users\/3"}],"replies":[{"embeddable":true,"href":"https:\/\/www.siitscpa.it\/en\/wp-json\/wp\/v2\/comments?post=5462"}],"version-history":[{"count":0,"href":"https:\/\/www.siitscpa.it\/en\/wp-json\/wp\/v2\/pages\/5462\/revisions"}],"up":[{"embeddable":true,"href":"https:\/\/www.siitscpa.it\/en\/wp-json\/wp\/v2\/pages\/5391"}],"wp:attachment":[{"href":"https:\/\/www.siitscpa.it\/en\/wp-json\/wp\/v2\/media?parent=5462"}],"curies":[{"name":"wp","href":"https:\/\/api.w.org\/{rel}","templated":true}]}}