{"id":5452,"date":"2017-07-12T14:55:44","date_gmt":"2017-07-12T12:55:44","guid":{"rendered":"https:\/\/www.siitscpa.it\/who-we-are\/transparent-company\/"},"modified":"2023-01-11T17:20:44","modified_gmt":"2023-01-11T16:20:44","slug":"transparent-company","status":"publish","type":"page","link":"https:\/\/www.siitscpa.it\/en\/who-we-are\/transparent-company\/","title":{"rendered":"Transparent company"},"content":{"rendered":"<p>[et_pb_section fb_built=&#8221;1&#8243; disabled_on=&#8221;off|off|off&#8221; _builder_version=&#8221;4.17.4&#8243; _module_preset=&#8221;default&#8221; min_height=&#8221;240px&#8221; custom_padding=&#8221;0px||0px||false|false&#8221; locked=&#8221;off&#8221; global_colors_info=&#8221;{}&#8221;][et_pb_row disabled_on=&#8221;off|off|on&#8221; admin_label=&#8221;Mobile&#8221; _builder_version=&#8221;4.17.4&#8243; _module_preset=&#8221;default&#8221; background_image=&#8221;https:\/\/www.siitscpa.it\/wp-content\/uploads\/2017\/07\/SIIT-header-pginterne.jpg&#8221; module_alignment=&#8221;center&#8221; height=&#8221;240px&#8221; custom_margin=&#8221;0px||||false|false&#8221; custom_padding=&#8221;0px||||false|false&#8221; global_colors_info=&#8221;{}&#8221;][et_pb_column type=&#8221;4_4&#8243; _builder_version=&#8221;4.17.4&#8243; _module_preset=&#8221;default&#8221; global_colors_info=&#8221;{}&#8221;][et_pb_post_title meta=&#8221;off&#8221; featured_image=&#8221;off&#8221; _builder_version=&#8221;4.17.4&#8243; _module_preset=&#8221;default&#8221; title_text_color=&#8221;#223365&#8243; title_font_size=&#8221;48px&#8221; height=&#8221;240px&#8221; custom_margin=&#8221;||||false|false&#8221; custom_padding=&#8221;80px||||false|false&#8221; title_font_size_tablet=&#8221;32px&#8221; title_font_size_phone=&#8221;32px&#8221; title_font_size_last_edited=&#8221;on|tablet&#8221; custom_css_before=&#8221;display: inline-block;||background: rgb(96,179,229);||background: -moz-linear-gradient(166deg, rgba(96,179,229,1) 0%, rgba(191,211,78,1) 100%);||background: -webkit-linear-gradient(166deg, rgba(96,179,229,1) 0%, rgba(191,211,78,1) 100%);||background: linear-gradient(166deg, rgba(96,179,229,1) 0%, rgba(191,211,78,1) 100%);||\/* background: #223365; *\/||content: &#8216; &#8216;;||height: 8px;||width: 140px;||line-height: -8px;&#8221; global_colors_info=&#8221;{}&#8221;][\/et_pb_post_title][\/et_pb_column][\/et_pb_row][et_pb_row disabled_on=&#8221;on|on|off&#8221; admin_label=&#8221;Desktop&#8221; _builder_version=&#8221;4.17.4&#8243; _module_preset=&#8221;default&#8221; background_image=&#8221;https:\/\/www.siitscpa.it\/wp-content\/uploads\/2017\/07\/SIIT-header-pginterne.jpg&#8221; background_size=&#8221;contain&#8221; module_alignment=&#8221;center&#8221; height=&#8221;240px&#8221; custom_margin=&#8221;0px||||false|false&#8221; custom_padding=&#8221;0px||||false|false&#8221; locked=&#8221;off&#8221; global_colors_info=&#8221;{}&#8221;][et_pb_column type=&#8221;4_4&#8243; _builder_version=&#8221;4.17.4&#8243; _module_preset=&#8221;default&#8221; global_colors_info=&#8221;{}&#8221;][et_pb_post_title meta=&#8221;off&#8221; featured_image=&#8221;off&#8221; _builder_version=&#8221;4.17.4&#8243; _module_preset=&#8221;default&#8221; title_text_color=&#8221;#223365&#8243; title_font_size=&#8221;48px&#8221; height=&#8221;240px&#8221; custom_margin=&#8221;||||false|false&#8221; custom_padding=&#8221;80px||||false|false&#8221; title_font_size_tablet=&#8221;32px&#8221; title_font_size_phone=&#8221;32px&#8221; title_font_size_last_edited=&#8221;on|phone&#8221; custom_css_before=&#8221;display: inline-block;||background: rgb(96,179,229);||background: -moz-linear-gradient(166deg, rgba(96,179,229,1) 0%, rgba(191,211,78,1) 100%);||background: -webkit-linear-gradient(166deg, rgba(96,179,229,1) 0%, rgba(191,211,78,1) 100%);||background: linear-gradient(166deg, rgba(96,179,229,1) 0%, rgba(191,211,78,1) 100%);||\/* background: #223365; *\/||content: &#8216; &#8216;;||height: 8px;||width: 140px;||line-height: -8px;&#8221; global_colors_info=&#8221;{}&#8221;][\/et_pb_post_title][\/et_pb_column][\/et_pb_row][\/et_pb_section][et_pb_section fb_built=&#8221;1&#8243; specialty=&#8221;on&#8221; _builder_version=&#8221;4.16&#8243; custom_padding=&#8221;0px||||false|false&#8221; global_colors_info=&#8221;{}&#8221;][et_pb_column type=&#8221;3_4&#8243; specialty_columns=&#8221;3&#8243; _builder_version=&#8221;4.16&#8243; custom_padding=&#8221;|||&#8221; global_colors_info=&#8221;{}&#8221; custom_padding__hover=&#8221;|||&#8221;][et_pb_row_inner admin_label=&#8221;Riga&#8221; _builder_version=&#8221;4.16&#8243; global_colors_info=&#8221;{}&#8221;][et_pb_column_inner saved_specialty_column_type=&#8221;3_4&#8243; _builder_version=&#8221;4.16&#8243; custom_padding=&#8221;|||&#8221; global_colors_info=&#8221;{}&#8221; custom_padding__hover=&#8221;|||&#8221;][et_pb_text _builder_version=&#8221;4.17.4&#8243; module_alignment=&#8221;left&#8221; z_index_tablet=&#8221;500&#8243; global_colors_info=&#8221;{}&#8221;]<\/p>\n<p><strong><br \/>Adattamenti agli obblighi di trasparenza contenuti nel d.lgs n. 33\/2013 per le societ\u00e0 e gli enti di diritto privato partecipati da pubbliche amministrazioni (ANAC n. 8\/2015)<\/strong><\/p>\n<ul>\n<li>RAGIONE SOCIALE:\u00a0SIIT s.c.p.a.<\/li>\n<li>FORMA GIURIDICA:\u00a0Societ\u00e0 consortile per azioni<\/li>\n<li>C.F.\/P.IVA: 01554410991<\/li>\n<li>CODICE ATECO:\u00a072.19.09 \u2013 Attivit\u00e0 di ricerca e sviluppo nei seguenti ambiti: infomobilit\u00e0, Sicurezza, automazione, salute ed energia<\/li>\n<li>OGGETTO SOCIALE:\u00a0La societ\u00e0 non persegue finalit\u00e0 di lucro, ha scopo consortile ed ha il fine di intraprendere iniziative idonee allo sviluppo, nella Regione Liguria di un distretto tecnologico nel settore dei Sistemi Intelligenti Integrati.<\/li>\n<li>DATA ATTO COSTITUZIONE:\u00a023\/03\/2005<\/li>\n<li>DURATA DELLA SOCIETA\u2019: 2050<\/li>\n<li>SEDE LEGALE:\u00a0Via Greto di Cornigliano, 6r \u2013 16152 Genova<\/li>\n<li>CONTATTI\n<ul>\n<li>TEL:\u00a0+39 010 8984850<\/li>\n<li>FAX: +39 010 8984860<\/li>\n<li>E-MAIL:\u00a0<a href=\"mailto:info@siitscpa.it\">info@siitscpa.it<\/a><\/li>\n<li>PEC:\u00a0<a href=\"mailto:siitscpa@legalmail.it\">siitscpa@legalmail.it<\/a><\/li>\n<\/ul>\n<\/li>\n<\/ul>\n<p><span style=\"text-decoration: underline;\"><strong>Bilanci d\u2019esercizio<\/strong><\/span><\/p>\n<ul>\n<li><a href=\"https:\/\/www.siitscpa.it\/wp-content\/uploads\/2022\/05\/Bilancio-2021.pdf\">Bilancio 2021<\/a><\/li>\n<li><a href=\"https:\/\/www.siitscpa.it\/wp-content\/uploads\/2022\/05\/Bilancio_2020.pdf\">Bilancio 2020\u00a0<\/a><\/li>\n<li><a href=\"https:\/\/www.siitscpa.it\/wp-content\/uploads\/2022\/05\/Bilancio_2019.pdf\">Bilancio 2019\u00a0<\/a><\/li>\n<li><a href=\"https:\/\/www.siitscpa.it\/wp-content\/uploads\/2022\/05\/Bilancio_2018.pdf\">Bilancio 2018\u00a0<\/a><\/li>\n<\/ul>\n<p><span style=\"text-decoration: underline;\"><strong>Consiglio di Gestione<\/strong><\/span><\/p>\n<ul>\n<li><a href=\"https:\/\/www.siitscpa.it\/wp-content\/uploads\/2022\/07\/Consiglio_di_Gestione_2022.pdf\">Consiglio di Gestione 2022<\/a><\/li>\n<li><span style=\"font-size: 20px;\"><\/span><a href=\"https:\/\/www.siitscpa.it\/wp-content\/uploads\/2022\/05\/Consiglio_di_Gestione_2021.pdf\">Consiglio di Gestione 2021<\/a><\/li>\n<li><a href=\"https:\/\/www.siitscpa.it\/wp-content\/uploads\/2022\/05\/Consiglio_di_Gestione_2020.pdf\" style=\"font-size: 20px;\">Consiglio di Gestione 2020\u00a0\u00a0<\/a><\/li>\n<\/ul>\n<p><span style=\"text-decoration: underline;\"><strong>Consiglio di Sorveglianza<\/strong><\/span><\/p>\n<ul>\n<li><a href=\"https:\/\/www.siitscpa.it\/wp-content\/uploads\/2022\/05\/Consiglio-di-Sorveglianza-2022.pdf\">Consiglio di Sorveglianza 2022<\/a><\/li>\n<li><a href=\"https:\/\/www.siitscpa.it\/wp-content\/uploads\/2022\/05\/Consiglio_di_Sorveglianza_2021.pdf\">Consiglio di Sorveglianza 2021<\/a><\/li>\n<li><a href=\"https:\/\/www.siitscpa.it\/wp-content\/uploads\/2022\/05\/Consiglio_di_Sorveglianza_2020.pdf\">Consiglio di Sorveglianza 2020<\/a><\/li>\n<\/ul>\n<p><span style=\"text-decoration: underline;\"><strong>Incaricato Controllo Contabile (Revisore Legale)<\/strong><\/span><\/p>\n<ul>\n<li><a href=\"https:\/\/www.siitscpa.it\/wp-content\/uploads\/2022\/05\/Incaricato-Controllo-Contabile-Revisore-Legale-2022.pdf\">Incaricato Controllo Contabile (Revisore Legale) 2022<\/a><\/li>\n<li><a href=\"https:\/\/www.siitscpa.it\/wp-content\/uploads\/2022\/05\/Incaricato_Controllo_contabile__Revisore_Legale_2021.pdf\">Incaricato Controllo Contabile (Revisore Legale) 2021<\/a><\/li>\n<li><a href=\"https:\/\/www.siitscpa.it\/wp-content\/uploads\/2022\/05\/Incaricato_Controllo_Contabile_Revisore_Legale_2020.pdf\">Incaricato Controllo Contabile (Revisore Legale) 2020\u00a0<\/a><\/li>\n<\/ul>\n<p><span style=\"text-decoration: underline;\"><strong>Comitato Tecnico Scientifico (CTS)<\/strong><\/span><\/p>\n<ul>\n<li><a href=\"https:\/\/www.siitscpa.it\/wp-content\/uploads\/2022\/05\/Comitato-Tecnico-Scientifico-2022.pdf\">Comitato Tecnico Scientifico 2022\u00a0<\/a><\/li>\n<li><a href=\"https:\/\/www.siitscpa.it\/wp-content\/uploads\/2022\/05\/Comitato_Tecnico_Scientifico_2021.pdf\">Comitato Tecnico Scientifico 2021\u00a0<\/a><\/li>\n<\/ul>\n<p><strong><span style=\"text-decoration: underline;\">Compagine Sociale<\/span><\/strong><\/p>\n<ul>\n<li><a href=\"https:\/\/www.siitscpa.it\/wp-content\/uploads\/2022\/12\/SIIT-Compagine-societaria-11-novembre-2022.pdf\">Compagine Sociale 2022<\/a><\/li>\n<li><a href=\"https:\/\/www.siitscpa.it\/wp-content\/uploads\/2022\/05\/Compagine_Sociale_2021.pdf\">Compagine Sociale 2021<\/a><\/li>\n<li><a href=\"https:\/\/www.siitscpa.it\/wp-content\/uploads\/2022\/05\/Compagine_Sociale_2020.pdf\">Compagine Sociale 2020\u00a0<\/a><\/li>\n<li><a href=\"https:\/\/www.siitscpa.it\/wp-content\/uploads\/2022\/05\/Compagine_Sociale_2019.pdf\">Compagine Sociale 2019\u00a0<\/a><\/li>\n<li><a href=\"https:\/\/www.siitscpa.it\/wp-content\/uploads\/2022\/05\/Compagine_sociale_2018.pdf\">Compagine Sociale 2018<\/a><\/li>\n<\/ul>\n<p><span style=\"text-decoration: underline;\"><strong>Allegati 2021 delibera ANAC 294\/2021<\/strong><\/span><\/p>\n<ul>\n<li><a href=\"https:\/\/www.siitscpa.it\/wp-content\/uploads\/2022\/05\/Attestazione_OIV_al_31_maggio_2021.pdf\">Attestazione OIV al 31 maggio 2021\u00a0<\/a><\/li>\n<li><a href=\"https:\/\/www.siitscpa.it\/wp-content\/uploads\/2022\/05\/Griglia_rilevazione_societa_partecipate_al_31_maggio_2021.pdf\">Griglia rilevazione societ\u00e0 partecipate al 31 maggio<\/a><\/li>\n<\/ul>\n<p><span style=\"text-decoration: underline;\"><strong>Progetto A4S<\/strong><\/span><\/p>\n<ul>\n<li><a href=\"https:\/\/www.siitscpa.it\/wp-content\/uploads\/2022\/05\/AVVISO_PM_A4S.pdf\">AVVISO PM A4S\u00a0<\/a><\/li>\n<li><a href=\"https:\/\/www.siitscpa.it\/wp-content\/uploads\/2022\/05\/AVVISO_Disseminazione_pubblicazione_risultati_organizzazione_evento_finale.pdf\">AVVISO Disseminazione pubblicazione risultati organizzazione evento finale\u00a0<\/a><\/li>\n<li><a href=\"https:\/\/www.siitscpa.it\/wp-content\/uploads\/2022\/05\/AVVISO_Disseminazione_divulgazione_dei_risultati_A4S.pdf\">AVVISO Disseminazione divulgazione dei risultati A4S\u00a0<\/a><\/li>\n<\/ul>\n<p><strong><span style=\"text-decoration: underline;\">Progetto CEUP 2030<\/span><\/strong><\/p>\n<ul>\n<li><a href=\"https:\/\/www.siitscpa.it\/wp-content\/uploads\/2022\/05\/Avviso_Progetto_CEUP_2030.pdf\">Avviso Progetto CEUP 2030<\/a><\/li>\n<\/ul>\n<p><span style=\"text-decoration: underline;\"><strong>Progetto ISIDE<\/strong><\/span><\/p>\n<ul>\n<li><a href=\"https:\/\/www.siitscpa.it\/wp-content\/uploads\/2022\/05\/Avviso_ISIDE_gestione_evento_e_comunicazione.pdf\">Avviso ISIDE gestione evento e comunicazione<\/a><\/li>\n<\/ul>\n<p><span style=\"text-decoration: underline;\"><strong>Polo SOSIA<\/strong><\/span><\/p>\n<ul>\n<li><a href=\"https:\/\/www.siitscpa.it\/wp-content\/uploads\/2022\/05\/AVVISO-SOSIA-marketing-e-comunicazione.pdf\">Avviso SOSIA marketing e comunicazione<\/a><\/li>\n<li><a href=\"https:\/\/www.siitscpa.it\/wp-content\/uploads\/2022\/05\/AVVISO-SOSIA-PM.pdf\">Avviso SOSIA PM<\/a><\/li>\n<li><a href=\"https:\/\/www.siitscpa.it\/wp-content\/uploads\/2022\/05\/AVVISO-TRANSIT-trasferimento-tecnologico.pdf\">Avviso SOSIA Trasferimento Tecnologico<\/a><\/li>\n<\/ul>\n<p><span style=\"text-decoration: underline;\"><strong>Polo TRANSIT<\/strong><\/span><\/p>\n<ul>\n<li><a href=\"https:\/\/www.siitscpa.it\/wp-content\/uploads\/2022\/05\/AVVISO-SOSIA-marketing-e-comunicazione.pdf\">Avviso TRANSIT marketing e comunicazione<\/a><\/li>\n<li><a href=\"https:\/\/www.siitscpa.it\/wp-content\/uploads\/2022\/05\/AVVISO-TRANSIT-PM.pdf\">Avviso TRANSIT PM<\/a><\/li>\n<li><a href=\"https:\/\/www.siitscpa.it\/wp-content\/uploads\/2022\/05\/AVVISO-TRANSIT-trasferimento-tecnologico.pdf\">Avviso TRANSIT Trasferimento Tecnologico<\/a><\/li>\n<\/ul>\n<p><span style=\"text-decoration: underline;\"><strong>Accesso civico<\/strong><\/span><\/p>\n<ul>\n<li>Per informazioni di natura pubblica \u00e8 possibile contattare il dott. Bruno Conterno (mail: <a href=\"mailto:info@siitscpa.it\">info@siitscpa.it<\/a> &#8211; tel.010 8984850)<\/li>\n<\/ul>\n<p>[\/et_pb_text][\/et_pb_column_inner][\/et_pb_row_inner][\/et_pb_column][et_pb_column type=&#8221;1_4&#8243; _builder_version=&#8221;4.16&#8243; custom_padding=&#8221;|||&#8221; global_colors_info=&#8221;{}&#8221; custom_padding__hover=&#8221;|||&#8221;][et_pb_sidebar area=&#8221;et_pb_widget_area_1&#8243; _builder_version=&#8221;4.17.4&#8243; header_font=&#8221;||||on||||&#8221; header_font_size=&#8221;20px&#8221; header_line_height=&#8221;1.6em&#8221; custom_padding=&#8221;10px||||false|false&#8221; custom_css_main_element=&#8221;font-weight: bold;&#8221; border_width_top=&#8221;4px&#8221; border_color_top=&#8221;#232C54&#8243; global_colors_info=&#8221;{}&#8221;]<\/p>\n<p>[\/et_pb_sidebar][\/et_pb_column][\/et_pb_section]<\/p>\n","protected":false},"excerpt":{"rendered":"<p>Adattamenti agli obblighi di trasparenza contenuti nel d.lgs n. 33\/2013 per le societ\u00e0 e gli enti di diritto privato partecipati da pubbliche amministrazioni (ANAC n. 8\/2015) RAGIONE SOCIALE:\u00a0SIIT s.c.p.a. FORMA GIURIDICA:\u00a0Societ\u00e0 consortile per azioni C.F.\/P.IVA: 01554410991 CODICE ATECO:\u00a072.19.09 \u2013 Attivit\u00e0 di ricerca e sviluppo nei seguenti ambiti: infomobilit\u00e0, Sicurezza, automazione, salute ed energia OGGETTO SOCIALE:\u00a0La [&hellip;]<\/p>\n","protected":false},"author":3,"featured_media":0,"parent":5391,"menu_order":7,"comment_status":"closed","ping_status":"closed","template":"","meta":{"_et_pb_use_builder":"on","_et_pb_old_content":"<p>Con il termine \u201csistemi intelligenti integrati\u201d si intendono sistemi complessi che possiedono diversi gradi di \u201cintelligenza\u201d operando in ambiti in passato ritenuti dominio esclusivo dell\u2019essere umano, sostituendolo nello svolgimento di funzioni difficili, tediose o pericolose. La grande tradizione dell\u2019industria ligure \u00e8 da decenni legata alla soluzione di problemi complessi in ambito industriale, militare e civile che richiedono la capacit\u00e0 di integrare tecnologie di diversa matrice in sistemi articolati ed intelligenti.<\/p><blockquote><p><strong>SIIT ScpA nasce nel 2005 con lo scopo di realizzare un sistema integrato tra grande industria, piccola e media impresa, Universit\u00e0 di Genova, istituzioni pubbliche, di ricerca, finanziarie, con particolare attenzione allo sviluppo di attivit\u00e0 di ricerca industriale. \u00a0In tale logica Regione Liguria, Ministero dell\u2019Economia e Ministero dell\u2019Universit\u00e0 e della Ricerca Scientifica hanno stipulato un accordo in cui sono state identificate le sei linee di attuazione dell\u2019operativit\u00e0 del Distretto.<\/strong><\/p><\/blockquote><p>SIIT ScpA \u00e8 una societ\u00e0 consortile che non persegue finalit\u00e0 di lucro, rappresenta un\u2019aggregazione territoriale di matrice regionale ,il cui fine principale \u00e8 quello di promuovere e favorire la competitivit\u00e0 dell\u2019area produttiva su cui insiste e del settore in cui opera.<\/p><p>Il Distretto Tecnologico costituisce, infatti, una delle iniziative pi\u00f9 efficaci per sostenere la crescita delle imprese dell\u2019alta tecnologia della nostra regione, capace di realizzare uno scambio di conoscenze permanente tra Grande Industria, Piccola e Media Impresa, Universit\u00e0, Centri di Ricerca e Istituzioni, con l\u2019obiettivo di creare un circolo virtuoso tra talenti, aziende e finanziamenti pubblici e privati, tesi a sviluppare una ricerca competitiva in grado di determinare forti ricadute di innovazione sul tessuto imprenditoriale ligure mediante l\u2019approccio diretto al mercato di riferimento.<\/p>","_et_gb_content_width":"","footnotes":""},"class_list":["post-5452","page","type-page","status-publish","hentry"],"_links":{"self":[{"href":"https:\/\/www.siitscpa.it\/en\/wp-json\/wp\/v2\/pages\/5452","targetHints":{"allow":["GET"]}}],"collection":[{"href":"https:\/\/www.siitscpa.it\/en\/wp-json\/wp\/v2\/pages"}],"about":[{"href":"https:\/\/www.siitscpa.it\/en\/wp-json\/wp\/v2\/types\/page"}],"author":[{"embeddable":true,"href":"https:\/\/www.siitscpa.it\/en\/wp-json\/wp\/v2\/users\/3"}],"replies":[{"embeddable":true,"href":"https:\/\/www.siitscpa.it\/en\/wp-json\/wp\/v2\/comments?post=5452"}],"version-history":[{"count":0,"href":"https:\/\/www.siitscpa.it\/en\/wp-json\/wp\/v2\/pages\/5452\/revisions"}],"up":[{"embeddable":true,"href":"https:\/\/www.siitscpa.it\/en\/wp-json\/wp\/v2\/pages\/5391"}],"wp:attachment":[{"href":"https:\/\/www.siitscpa.it\/en\/wp-json\/wp\/v2\/media?parent=5452"}],"curies":[{"name":"wp","href":"https:\/\/api.w.org\/{rel}","templated":true}]}}